{"id":11,"date":"2021-11-04T08:30:41","date_gmt":"2021-11-04T08:30:41","guid":{"rendered":"https:\/\/mb-deckenbau.ch\/?page_id=11"},"modified":"2025-10-04T16:35:53","modified_gmt":"2025-10-04T16:35:53","slug":"ueber-uns","status":"publish","type":"page","link":"https:\/\/mb-deckenbau.ch\/de_de\/ueber-uns\/","title":{"rendered":"\u00dcber uns"},"content":{"rendered":"\t\t<div data-elementor-type=\"wp-page\" data-elementor-id=\"11\" class=\"elementor elementor-11\" data-elementor-post-type=\"page\">\n\t\t\t\t\t\t<section class=\"elementor-section elementor-top-section elementor-element elementor-element-6b8a20f elementor-section-boxed elementor-section-height-default elementor-section-height-default\" data-id=\"6b8a20f\" data-element_type=\"section\" data-e-type=\"section\">\n\t\t\t\t\t\t<div class=\"elementor-container elementor-column-gap-default\">\n\t\t\t\t\t<div class=\"elementor-column elementor-col-100 elementor-top-column elementor-element elementor-element-5d14ab2\" data-id=\"5d14ab2\" data-element_type=\"column\" data-e-type=\"column\">\n\t\t\t<div class=\"elementor-widget-wrap elementor-element-populated\">\n\t\t\t\t\t\t<div class=\"elementor-element elementor-element-843e925 elementor-widget elementor-widget-heading\" data-id=\"843e925\" data-element_type=\"widget\" data-e-type=\"widget\" data-widget_type=\"heading.default\">\n\t\t\t\t<div class=\"elementor-widget-container\">\n\t\t\t\t\t<h2 class=\"elementor-heading-title elementor-size-default\">VON DER IDEE ZUR GESTALTUNG<\/h2>\t\t\t\t<\/div>\n\t\t\t\t<\/div>\n\t\t\t\t\t<\/div>\n\t\t<\/div>\n\t\t\t\t\t<\/div>\n\t\t<\/section>\n\t\t\t\t<section class=\"elementor-section elementor-top-section elementor-element elementor-element-1954b1a elementor-section-boxed elementor-section-height-default elementor-section-height-default\" data-id=\"1954b1a\" data-element_type=\"section\" data-e-type=\"section\">\n\t\t\t\t\t\t<div class=\"elementor-container elementor-column-gap-default\">\n\t\t\t\t\t<div class=\"elementor-column elementor-col-50 elementor-top-column elementor-element elementor-element-4b62ec4\" data-id=\"4b62ec4\" data-element_type=\"column\" data-e-type=\"column\">\n\t\t\t<div class=\"elementor-widget-wrap elementor-element-populated\">\n\t\t\t\t\t\t<div class=\"elementor-element elementor-element-83db2d8 elementor-widget elementor-widget-image\" data-id=\"83db2d8\" data-element_type=\"widget\" data-e-type=\"widget\" data-widget_type=\"image.default\">\n\t\t\t\t<div class=\"elementor-widget-container\">\n\t\t\t\t\t\t\t\t\t\t\t\t\t\t\t<img fetchpriority=\"high\" decoding=\"async\" width=\"640\" height=\"302\" src=\"https:\/\/mb-deckenbau.ch\/wp-content\/uploads\/2021\/11\/Wagen.jpg\" class=\"attachment-large size-large wp-image-69\" alt=\"\" srcset=\"https:\/\/mb-deckenbau.ch\/wp-content\/uploads\/2021\/11\/Wagen.jpg 640w, https:\/\/mb-deckenbau.ch\/wp-content\/uploads\/2021\/11\/Wagen-300x142.jpg 300w\" sizes=\"100vw\" \/>\t\t\t\t\t\t\t\t\t\t\t\t\t\t\t<\/div>\n\t\t\t\t<\/div>\n\t\t\t\t\t<\/div>\n\t\t<\/div>\n\t\t\t\t<div class=\"elementor-column elementor-col-50 elementor-top-column elementor-element elementor-element-e628e76\" data-id=\"e628e76\" data-element_type=\"column\" data-e-type=\"column\">\n\t\t\t<div class=\"elementor-widget-wrap elementor-element-populated\">\n\t\t\t\t\t\t<div class=\"elementor-element elementor-element-42619bd elementor-widget elementor-widget-text-editor\" data-id=\"42619bd\" data-element_type=\"widget\" data-e-type=\"widget\" data-widget_type=\"text-editor.default\">\n\t\t\t\t<div class=\"elementor-widget-container\">\n\t\t\t\t\t\t\t\t\t<p style=\"text-align: center;\"><strong>\u201eDie MB Deckensysteme GmbH ist Ihr kompetenter Partner f\u00fcr hochwertige Decken- und Rauml\u00f6sungen. Seit \u00fcber 15 Jahren stehen wir unseren Kundinnen und Kunden mit Fachwissen, Erfahrung und Engagement zur Seite \u2013 zuverl\u00e4ssig, l\u00f6sungsorientiert und stets auf h\u00f6chste Qualit\u00e4t bedacht.\u201c<\/strong><\/p>\t\t\t\t\t\t\t\t<\/div>\n\t\t\t\t<\/div>\n\t\t\t\t\t<\/div>\n\t\t<\/div>\n\t\t\t\t\t<\/div>\n\t\t<\/section>\n\t\t\t\t<section class=\"elementor-section elementor-top-section elementor-element elementor-element-6124e1cf elementor-section-boxed elementor-section-height-default elementor-section-height-default\" data-id=\"6124e1cf\" data-element_type=\"section\" data-e-type=\"section\">\n\t\t\t\t\t\t<div class=\"elementor-container elementor-column-gap-default\">\n\t\t\t\t\t<div class=\"elementor-column elementor-col-100 elementor-top-column elementor-element elementor-element-10630b3b\" data-id=\"10630b3b\" data-element_type=\"column\" data-e-type=\"column\">\n\t\t\t<div class=\"elementor-widget-wrap elementor-element-populated\">\n\t\t\t\t\t\t<div class=\"elementor-element elementor-element-55423670 elementor-widget elementor-widget-text-editor\" data-id=\"55423670\" data-element_type=\"widget\" data-e-type=\"widget\" data-widget_type=\"text-editor.default\">\n\t\t\t\t<div class=\"elementor-widget-container\">\n\t\t\t\t\t\t\t\t\t\n<h1><strong>Fachliche Unterst\u00fctzung f\u00fcr Ihre Projekte<\/strong><\/h1>\n\t\t\t\t\t\t\t\t<\/div>\n\t\t\t\t<\/div>\n\t\t\t\t\t<\/div>\n\t\t<\/div>\n\t\t\t\t\t<\/div>\n\t\t<\/section>\n\t\t\t\t<section class=\"elementor-section elementor-top-section elementor-element elementor-element-e4d5288 elementor-section-boxed elementor-section-height-default elementor-section-height-default\" data-id=\"e4d5288\" data-element_type=\"section\" data-e-type=\"section\">\n\t\t\t\t\t\t<div class=\"elementor-container elementor-column-gap-default\">\n\t\t\t\t\t<div class=\"elementor-column elementor-col-33 elementor-top-column elementor-element elementor-element-81e9ca4\" data-id=\"81e9ca4\" data-element_type=\"column\" data-e-type=\"column\">\n\t\t\t<div class=\"elementor-widget-wrap elementor-element-populated\">\n\t\t\t\t\t\t<div class=\"elementor-element elementor-element-83136fe elementor-widget elementor-widget-text-editor\" data-id=\"83136fe\" data-element_type=\"widget\" data-e-type=\"widget\" data-widget_type=\"text-editor.default\">\n\t\t\t\t<div class=\"elementor-widget-container\">\n\t\t\t\t\t\t\t\t\t<p><strong>\u201eWir stehen f\u00fcr eine zuverl\u00e4ssige Logistik sowie f\u00fcr hochwertige Decken- und Wandsysteme, die Funktionalit\u00e4t und \u00c4sthetik vereinen. Durch den kontinuierlichen Austausch mit f\u00fchrenden Herstellerfirmen entwickeln wir innovative L\u00f6sungen, die exakt auf Ihre Anforderungen abgestimmt sind. Unsere Produktvielfalt er\u00f6ffnet Ihnen maximale Gestaltungsfreiheit \u2013 ob in Form, Farbe oder Format. So entstehen R\u00e4ume, die nicht nur technisch \u00fcberzeugen, sondern auch gestalterisch inspirieren.<\/strong>\u201c<\/p>\t\t\t\t\t\t\t\t<\/div>\n\t\t\t\t<\/div>\n\t\t\t\t\t<\/div>\n\t\t<\/div>\n\t\t\t\t<div class=\"elementor-column elementor-col-33 elementor-top-column elementor-element elementor-element-f3fb992\" data-id=\"f3fb992\" data-element_type=\"column\" data-e-type=\"column\">\n\t\t\t<div class=\"elementor-widget-wrap elementor-element-populated\">\n\t\t\t\t\t\t<div class=\"elementor-element elementor-element-bef2cf7 elementor-widget elementor-widget-image\" data-id=\"bef2cf7\" data-element_type=\"widget\" data-e-type=\"widget\" data-widget_type=\"image.default\">\n\t\t\t\t<div class=\"elementor-widget-container\">\n\t\t\t\t\t\t\t\t\t\t\t\t\t\t\t<img decoding=\"async\" width=\"331\" height=\"456\" src=\"https:\/\/mb-deckenbau.ch\/wp-content\/uploads\/2021\/11\/1.png\" class=\"attachment-full size-full wp-image-159\" alt=\"\" srcset=\"https:\/\/mb-deckenbau.ch\/wp-content\/uploads\/2021\/11\/1.png 331w, https:\/\/mb-deckenbau.ch\/wp-content\/uploads\/2021\/11\/1-218x300.png 218w\" sizes=\"100vw\" \/>\t\t\t\t\t\t\t\t\t\t\t\t\t\t\t<\/div>\n\t\t\t\t<\/div>\n\t\t\t\t<div class=\"elementor-element elementor-element-3f174e0 elementor-widget elementor-widget-image\" data-id=\"3f174e0\" data-element_type=\"widget\" data-e-type=\"widget\" data-widget_type=\"image.default\">\n\t\t\t\t<div class=\"elementor-widget-container\">\n\t\t\t\t\t\t\t\t\t\t\t\t\t\t\t<img decoding=\"async\" width=\"331\" height=\"258\" src=\"https:\/\/mb-deckenbau.ch\/wp-content\/uploads\/2021\/11\/4.png\" class=\"attachment-full size-full wp-image-157\" alt=\"\" srcset=\"https:\/\/mb-deckenbau.ch\/wp-content\/uploads\/2021\/11\/4.png 331w, https:\/\/mb-deckenbau.ch\/wp-content\/uploads\/2021\/11\/4-300x234.png 300w\" sizes=\"100vw\" \/>\t\t\t\t\t\t\t\t\t\t\t\t\t\t\t<\/div>\n\t\t\t\t<\/div>\n\t\t\t\t\t<\/div>\n\t\t<\/div>\n\t\t\t\t<div class=\"elementor-column elementor-col-33 elementor-top-column elementor-element elementor-element-8591c81\" data-id=\"8591c81\" data-element_type=\"column\" data-e-type=\"column\">\n\t\t\t<div class=\"elementor-widget-wrap elementor-element-populated\">\n\t\t\t\t\t\t<div class=\"elementor-element elementor-element-b1a2312 elementor-widget elementor-widget-image\" data-id=\"b1a2312\" data-element_type=\"widget\" data-e-type=\"widget\" data-widget_type=\"image.default\">\n\t\t\t\t<div class=\"elementor-widget-container\">\n\t\t\t\t\t\t\t\t\t\t\t\t\t\t\t<img loading=\"lazy\" decoding=\"async\" width=\"331\" height=\"258\" src=\"https:\/\/mb-deckenbau.ch\/wp-content\/uploads\/2021\/11\/2.png\" class=\"attachment-full size-full wp-image-158\" alt=\"\" srcset=\"https:\/\/mb-deckenbau.ch\/wp-content\/uploads\/2021\/11\/2.png 331w, https:\/\/mb-deckenbau.ch\/wp-content\/uploads\/2021\/11\/2-300x234.png 300w\" sizes=\"100vw\" \/>\t\t\t\t\t\t\t\t\t\t\t\t\t\t\t<\/div>\n\t\t\t\t<\/div>\n\t\t\t\t<div class=\"elementor-element elementor-element-f05839c elementor-widget elementor-widget-image\" data-id=\"f05839c\" data-element_type=\"widget\" data-e-type=\"widget\" data-widget_type=\"image.default\">\n\t\t\t\t<div class=\"elementor-widget-container\">\n\t\t\t\t\t\t\t\t\t\t\t\t\t\t\t<img loading=\"lazy\" decoding=\"async\" width=\"331\" height=\"456\" src=\"https:\/\/mb-deckenbau.ch\/wp-content\/uploads\/2021\/11\/3.png\" class=\"attachment-full size-full wp-image-156\" alt=\"\" srcset=\"https:\/\/mb-deckenbau.ch\/wp-content\/uploads\/2021\/11\/3.png 331w, https:\/\/mb-deckenbau.ch\/wp-content\/uploads\/2021\/11\/3-218x300.png 218w\" sizes=\"100vw\" \/>\t\t\t\t\t\t\t\t\t\t\t\t\t\t\t<\/div>\n\t\t\t\t<\/div>\n\t\t\t\t\t<\/div>\n\t\t<\/div>\n\t\t\t\t\t<\/div>\n\t\t<\/section>\n\t\t\t\t<section class=\"elementor-section elementor-top-section elementor-element elementor-element-97fca7e elementor-section-height-min-height elementor-section-boxed elementor-section-height-default elementor-section-items-middle\" data-id=\"97fca7e\" data-element_type=\"section\" data-e-type=\"section\">\n\t\t\t\t\t\t<div class=\"elementor-container elementor-column-gap-default\">\n\t\t\t\t\t<div class=\"elementor-column elementor-col-50 elementor-top-column elementor-element elementor-element-61306d6\" data-id=\"61306d6\" data-element_type=\"column\" data-e-type=\"column\">\n\t\t\t<div class=\"elementor-widget-wrap elementor-element-populated\">\n\t\t\t\t\t\t<div class=\"elementor-element elementor-element-651fb91 elementor-cta--valign-middle elementor-cta--layout-image-above elementor-cta--skin-classic elementor-animated-content elementor-bg-transform elementor-bg-transform-zoom-in elementor-widget elementor-widget-call-to-action\" data-id=\"651fb91\" data-element_type=\"widget\" data-e-type=\"widget\" data-widget_type=\"call-to-action.default\">\n\t\t\t\t<div class=\"elementor-widget-container\">\n\t\t\t\t\t\t\t<div class=\"elementor-cta\">\n\t\t\t\t\t<div class=\"elementor-cta__bg-wrapper\">\n\t\t\t\t<div class=\"elementor-cta__bg elementor-bg\" style=\"background-image: url(https:\/\/mb-deckenbau.ch\/wp-content\/uploads\/2022\/03\/Micha-Neu-1.jpg);\" role=\"img\" aria-label=\"Micha Neu\"><\/div>\n\t\t\t\t<div class=\"elementor-cta__bg-overlay\"><\/div>\n\t\t\t<\/div>\n\t\t\t\t\t\t\t<div class=\"elementor-cta__content\">\n\t\t\t\t\n\t\t\t\t\t\t\t\t\t<h3 class=\"elementor-cta__title elementor-cta__content-item elementor-content-item\">\n\t\t\t\t\t\tMichael Behlke\t\t\t\t\t<\/h3>\n\t\t\t\t\n\t\t\t\t\t\t\t\t\t<div class=\"elementor-cta__description elementor-cta__content-item elementor-content-item\">\n\t\t\t\t\t\tGesch\u00e4ftsleitung <br>info@mb-deckensysteme.ch\t\t\t\t\t<\/div>\n\t\t\t\t\n\t\t\t\t\t\t\t<\/div>\n\t\t\t\t\t\t<\/div>\n\t\t\t\t\t\t<\/div>\n\t\t\t\t<\/div>\n\t\t\t\t\t<\/div>\n\t\t<\/div>\n\t\t\t\t<div class=\"elementor-column elementor-col-50 elementor-top-column elementor-element elementor-element-7b6e4cf\" data-id=\"7b6e4cf\" data-element_type=\"column\" data-e-type=\"column\" data-settings=\"{&quot;motion_fx_motion_fx_scrolling&quot;:&quot;yes&quot;,&quot;motion_fx_translateX_effect&quot;:&quot;yes&quot;,&quot;motion_fx_translateX_speed&quot;:{&quot;unit&quot;:&quot;px&quot;,&quot;size&quot;:&quot;1&quot;,&quot;sizes&quot;:[]},&quot;motion_fx_translateX_affectedRange&quot;:{&quot;unit&quot;:&quot;%&quot;,&quot;size&quot;:&quot;&quot;,&quot;sizes&quot;:{&quot;start&quot;:&quot;0&quot;,&quot;end&quot;:&quot;50&quot;}},&quot;motion_fx_devices&quot;:[&quot;desktop&quot;]}\">\n\t\t\t<div class=\"elementor-widget-wrap elementor-element-populated\">\n\t\t\t\t\t\t<div class=\"elementor-element elementor-element-66b11b0 elementor-widget elementor-widget-heading\" data-id=\"66b11b0\" data-element_type=\"widget\" data-e-type=\"widget\" data-widget_type=\"heading.default\">\n\t\t\t\t<div class=\"elementor-widget-container\">\n\t\t\t\t\t<p class=\"elementor-heading-title elementor-size-default\">\"<\/p>\t\t\t\t<\/div>\n\t\t\t\t<\/div>\n\t\t\t\t<div class=\"elementor-element elementor-element-695c9ee elementor-widget elementor-widget-heading\" data-id=\"695c9ee\" data-element_type=\"widget\" data-e-type=\"widget\" data-widget_type=\"heading.default\">\n\t\t\t\t<div class=\"elementor-widget-container\">\n\t\t\t\t\t<h3 class=\"elementor-heading-title elementor-size-default\">Gesch\u00e4ftsf\u00fchrer \/\/ owner<\/h3>\t\t\t\t<\/div>\n\t\t\t\t<\/div>\n\t\t\t\t<div class=\"elementor-element elementor-element-997d012 elementor-widget elementor-widget-text-editor\" data-id=\"997d012\" data-element_type=\"widget\" data-e-type=\"widget\" data-widget_type=\"text-editor.default\">\n\t\t\t\t<div class=\"elementor-widget-container\">\n\t\t\t\t\t\t\t\t\t<p class=\"p1\"><span class=\"s1\">Michael<\/span><strong><span class=\"s2\"> Behlke<\/span><\/strong><\/p>\t\t\t\t\t\t\t\t<\/div>\n\t\t\t\t<\/div>\n\t\t\t\t<div class=\"elementor-element elementor-element-f516da4 elementor-widget elementor-widget-text-editor\" data-id=\"f516da4\" data-element_type=\"widget\" data-e-type=\"widget\" data-widget_type=\"text-editor.default\">\n\t\t\t\t<div class=\"elementor-widget-container\">\n\t\t\t\t\t\t\t\t\t<p><strong>\u201eDesign ist ein individueller Prozess, der auf Vertrauen und Verst\u00e4ndnis basiert. Die Qualit\u00e4t unserer Arbeit h\u00e4ngt ma\u00dfgeblich von der Beziehung zu unseren Kundinnen und Kunden ab. Indem wir ihre Bed\u00fcrfnisse erkennen und uns aktiv in ihre Projekte einbringen, schaffen wir L\u00f6sungen, die nicht nur funktional, sondern auch pers\u00f6nlich relevant sind.\u201c<\/strong><\/p>\t\t\t\t\t\t\t\t<\/div>\n\t\t\t\t<\/div>\n\t\t\t\t\t<\/div>\n\t\t<\/div>\n\t\t\t\t\t<\/div>\n\t\t<\/section>\n\t\t\t\t<\/div>\n\t\t","protected":false},"excerpt":{"rendered":"<p>VON DER IDEE ZUR GESTALTUNG \u201eDie MB Deckensysteme GmbH ist Ihr kompetenter Partner f\u00fcr hochwertige Decken- und Rauml\u00f6sungen. Seit \u00fcber 15 Jahren stehen wir unseren Kundinnen und Kunden mit Fachwissen, Erfahrung und Engagement zur Seite \u2013 zuverl\u00e4ssig, l\u00f6sungsorientiert und stets auf h\u00f6chste Qualit\u00e4t bedacht.\u201c Fachliche Unterst\u00fctzung f\u00fcr Ihre Projekte \u201eWir stehen f\u00fcr eine zuverl\u00e4ssige Logistik &hellip; <\/p>\n<p class=\"link-more\"><a href=\"https:\/\/mb-deckenbau.ch\/de_de\/ueber-uns\/\" class=\"more-link\"><span class=\"screen-reader-text\">\u201e\u00dcber uns\u201c <\/span>weiterlesen<\/a><\/p>\n","protected":false},"author":1,"featured_media":347,"parent":0,"menu_order":0,"comment_status":"closed","ping_status":"closed","template":"","meta":{"footnotes":""},"class_list":["post-11","page","type-page","status-publish","has-post-thumbnail","hentry"],"_links":{"self":[{"href":"https:\/\/mb-deckenbau.ch\/de_de\/wp-json\/wp\/v2\/pages\/11","targetHints":{"allow":["GET"]}}],"collection":[{"href":"https:\/\/mb-deckenbau.ch\/de_de\/wp-json\/wp\/v2\/pages"}],"about":[{"href":"https:\/\/mb-deckenbau.ch\/de_de\/wp-json\/wp\/v2\/types\/page"}],"author":[{"embeddable":true,"href":"https:\/\/mb-deckenbau.ch\/de_de\/wp-json\/wp\/v2\/users\/1"}],"replies":[{"embeddable":true,"href":"https:\/\/mb-deckenbau.ch\/de_de\/wp-json\/wp\/v2\/comments?post=11"}],"version-history":[{"count":79,"href":"https:\/\/mb-deckenbau.ch\/de_de\/wp-json\/wp\/v2\/pages\/11\/revisions"}],"predecessor-version":[{"id":311,"href":"https:\/\/mb-deckenbau.ch\/de_de\/wp-json\/wp\/v2\/pages\/11\/revisions\/311"}],"wp:featuredmedia":[{"embeddable":true,"href":"https:\/\/mb-deckenbau.ch\/de_de\/wp-json\/wp\/v2\/media\/347"}],"wp:attachment":[{"href":"https:\/\/mb-deckenbau.ch\/de_de\/wp-json\/wp\/v2\/media?parent=11"}],"curies":[{"name":"wp","href":"https:\/\/api.w.org\/{rel}","templated":true}]}}