{"id":40,"date":"2021-11-04T08:54:33","date_gmt":"2021-11-04T08:54:33","guid":{"rendered":"https:\/\/mb-deckenbau.ch\/?page_id=40"},"modified":"2025-10-04T15:02:14","modified_gmt":"2025-10-04T15:02:14","slug":"projekt","status":"publish","type":"page","link":"https:\/\/mb-deckenbau.ch\/de_de\/projekt\/","title":{"rendered":"Projekt"},"content":{"rendered":"\t\t<div data-elementor-type=\"wp-page\" data-elementor-id=\"40\" class=\"elementor elementor-40\" data-elementor-post-type=\"page\">\n\t\t\t\t\t\t<section class=\"elementor-section elementor-top-section elementor-element elementor-element-402e1ea elementor-section-full_width elementor-section-height-default elementor-section-height-default\" data-id=\"402e1ea\" data-element_type=\"section\" data-e-type=\"section\">\n\t\t\t\t\t\t<div class=\"elementor-container elementor-column-gap-default\">\n\t\t\t\t\t<div class=\"elementor-column elementor-col-100 elementor-top-column elementor-element elementor-element-d5851df\" data-id=\"d5851df\" data-element_type=\"column\" data-e-type=\"column\">\n\t\t\t<div class=\"elementor-widget-wrap elementor-element-populated\">\n\t\t\t\t\t\t<div class=\"elementor-element elementor-element-2e25b8a elementor-widget elementor-widget-text-editor\" data-id=\"2e25b8a\" data-element_type=\"widget\" data-e-type=\"widget\" data-widget_type=\"text-editor.default\">\n\t\t\t\t<div class=\"elementor-widget-container\">\n\t\t\t\t\t\t\t\t\t<h1 style=\"text-align: center;\"><strong>KREATIVE L\u00d6SUNGEN AUF EINEN BLICK\u00a0<\/strong><\/h1>\t\t\t\t\t\t\t\t<\/div>\n\t\t\t\t<\/div>\n\t\t\t\t\t<\/div>\n\t\t<\/div>\n\t\t\t\t\t<\/div>\n\t\t<\/section>\n\t\t\t\t<section class=\"elementor-section elementor-top-section elementor-element elementor-element-d622ac8 elementor-section-boxed elementor-section-height-default elementor-section-height-default\" data-id=\"d622ac8\" data-element_type=\"section\" data-e-type=\"section\">\n\t\t\t\t\t\t<div class=\"elementor-container elementor-column-gap-default\">\n\t\t\t\t\t<div class=\"elementor-column elementor-col-33 elementor-top-column elementor-element elementor-element-4ac8029\" data-id=\"4ac8029\" data-element_type=\"column\" data-e-type=\"column\">\n\t\t\t<div class=\"elementor-widget-wrap elementor-element-populated\">\n\t\t\t\t\t\t<div class=\"elementor-element elementor-element-5fac40a elementor-widget elementor-widget-image\" data-id=\"5fac40a\" data-element_type=\"widget\" data-e-type=\"widget\" data-widget_type=\"image.default\">\n\t\t\t\t<div class=\"elementor-widget-container\">\n\t\t\t\t\t\t\t\t\t\t\t\t\t\t\t<img fetchpriority=\"high\" decoding=\"async\" width=\"644\" height=\"429\" src=\"https:\/\/mb-deckenbau.ch\/wp-content\/uploads\/2021\/11\/IMG_0816-768x512.jpg\" class=\"attachment-medium_large size-medium_large wp-image-52\" alt=\"\" srcset=\"https:\/\/mb-deckenbau.ch\/wp-content\/uploads\/2021\/11\/IMG_0816-768x512.jpg 768w, https:\/\/mb-deckenbau.ch\/wp-content\/uploads\/2021\/11\/IMG_0816-300x200.jpg 300w, https:\/\/mb-deckenbau.ch\/wp-content\/uploads\/2021\/11\/IMG_0816.jpg 800w\" sizes=\"100vw\" \/>\t\t\t\t\t\t\t\t\t\t\t\t\t\t\t<\/div>\n\t\t\t\t<\/div>\n\t\t\t\t\t<\/div>\n\t\t<\/div>\n\t\t\t\t<div class=\"elementor-column elementor-col-33 elementor-top-column elementor-element elementor-element-537bab9\" data-id=\"537bab9\" data-element_type=\"column\" data-e-type=\"column\">\n\t\t\t<div class=\"elementor-widget-wrap elementor-element-populated\">\n\t\t\t\t\t\t<div class=\"elementor-element elementor-element-3a22cb8 elementor-widget elementor-widget-image\" data-id=\"3a22cb8\" data-element_type=\"widget\" data-e-type=\"widget\" data-widget_type=\"image.default\">\n\t\t\t\t<div class=\"elementor-widget-container\">\n\t\t\t\t\t\t\t\t\t\t\t\t\t\t\t<img decoding=\"async\" width=\"644\" height=\"859\" src=\"https:\/\/mb-deckenbau.ch\/wp-content\/uploads\/2025\/08\/IMG_5552-768x1024.jpeg\" class=\"attachment-medium_large size-medium_large wp-image-327\" alt=\"\" srcset=\"https:\/\/mb-deckenbau.ch\/wp-content\/uploads\/2025\/08\/IMG_5552-768x1024.jpeg 768w, https:\/\/mb-deckenbau.ch\/wp-content\/uploads\/2025\/08\/IMG_5552-225x300.jpeg 225w, https:\/\/mb-deckenbau.ch\/wp-content\/uploads\/2025\/08\/IMG_5552-1152x1536.jpeg 1152w, https:\/\/mb-deckenbau.ch\/wp-content\/uploads\/2025\/08\/IMG_5552-1536x2048.jpeg 1536w, https:\/\/mb-deckenbau.ch\/wp-content\/uploads\/2025\/08\/IMG_5552-scaled.jpeg 1920w\" sizes=\"100vw\" \/>\t\t\t\t\t\t\t\t\t\t\t\t\t\t\t<\/div>\n\t\t\t\t<\/div>\n\t\t\t\t\t<\/div>\n\t\t<\/div>\n\t\t\t\t<div class=\"elementor-column elementor-col-33 elementor-top-column elementor-element elementor-element-ae34996\" data-id=\"ae34996\" data-element_type=\"column\" data-e-type=\"column\">\n\t\t\t<div class=\"elementor-widget-wrap elementor-element-populated\">\n\t\t\t\t\t\t<div class=\"elementor-element elementor-element-26a092e elementor-widget elementor-widget-image\" data-id=\"26a092e\" data-element_type=\"widget\" data-e-type=\"widget\" data-widget_type=\"image.default\">\n\t\t\t\t<div class=\"elementor-widget-container\">\n\t\t\t\t\t\t\t\t\t\t\t\t\t\t\t<img decoding=\"async\" width=\"644\" height=\"483\" src=\"https:\/\/mb-deckenbau.ch\/wp-content\/uploads\/2021\/11\/Uster-1-768x576.jpg\" class=\"attachment-medium_large size-medium_large wp-image-55\" alt=\"\" srcset=\"https:\/\/mb-deckenbau.ch\/wp-content\/uploads\/2021\/11\/Uster-1-768x576.jpg 768w, https:\/\/mb-deckenbau.ch\/wp-content\/uploads\/2021\/11\/Uster-1-300x225.jpg 300w, https:\/\/mb-deckenbau.ch\/wp-content\/uploads\/2021\/11\/Uster-1.jpg 800w\" sizes=\"100vw\" \/>\t\t\t\t\t\t\t\t\t\t\t\t\t\t\t<\/div>\n\t\t\t\t<\/div>\n\t\t\t\t\t<\/div>\n\t\t<\/div>\n\t\t\t\t\t<\/div>\n\t\t<\/section>\n\t\t\t\t<section class=\"elementor-section elementor-top-section elementor-element elementor-element-3cb67a6 elementor-section-boxed elementor-section-height-default elementor-section-height-default\" data-id=\"3cb67a6\" data-element_type=\"section\" data-e-type=\"section\">\n\t\t\t\t\t\t<div class=\"elementor-container elementor-column-gap-default\">\n\t\t\t\t\t<div class=\"elementor-column elementor-col-100 elementor-top-column elementor-element elementor-element-c7af3a9\" data-id=\"c7af3a9\" data-element_type=\"column\" data-e-type=\"column\">\n\t\t\t<div class=\"elementor-widget-wrap elementor-element-populated\">\n\t\t\t\t\t\t<div class=\"elementor-element elementor-element-bf12712 elementor-widget elementor-widget-heading\" data-id=\"bf12712\" data-element_type=\"widget\" data-e-type=\"widget\" data-widget_type=\"heading.default\">\n\t\t\t\t<div class=\"elementor-widget-container\">\n\t\t\t\t\t<h2 class=\"elementor-heading-title elementor-size-default\">  DECKENSYSTEME<\/h2>\t\t\t\t<\/div>\n\t\t\t\t<\/div>\n\t\t\t\t\t<\/div>\n\t\t<\/div>\n\t\t\t\t\t<\/div>\n\t\t<\/section>\n\t\t\t\t<section class=\"elementor-section elementor-top-section elementor-element elementor-element-a87bf4b elementor-section-boxed elementor-section-height-default elementor-section-height-default\" data-id=\"a87bf4b\" data-element_type=\"section\" data-e-type=\"section\">\n\t\t\t\t\t\t<div class=\"elementor-container elementor-column-gap-default\">\n\t\t\t\t\t<div class=\"elementor-column elementor-col-50 elementor-top-column elementor-element elementor-element-7ea3e99\" data-id=\"7ea3e99\" data-element_type=\"column\" data-e-type=\"column\">\n\t\t\t<div class=\"elementor-widget-wrap elementor-element-populated\">\n\t\t\t\t\t\t<div class=\"elementor-element elementor-element-3cbbcb8 elementor-widget elementor-widget-text-editor\" data-id=\"3cbbcb8\" data-element_type=\"widget\" data-e-type=\"widget\" data-widget_type=\"text-editor.default\">\n\t\t\t\t<div class=\"elementor-widget-container\">\n\t\t\t\t\t\t\t\t\t<ul><li><span style=\"color: #ff9900;\">-Alu-Paneelendecken<\/span>\u00a0\u2013 leicht zu \u00f6ffnen und zu schlie\u00dfen, dadurch einfache Nachinstallation; lieferbar in allen RAL-T\u00f6nen mit farbigen F\u00fcllprofilen<\/li><li><span style=\"color: #ff9900;\"><strong>Alu-Rasterdecken<\/strong><\/span>\u00a0\u2013 stabil aufgrund von Unterkonstruktionen; unempfindlich und pflegeleicht; flexibel durch einzelne Demontage von Rasterfeldern<\/li><li><span style=\"color: #ff9900;\"><strong>Mineralfaserdecken<\/strong><\/span>\u00a0\u2013 unbrennbar und gute Schalld\u00e4mmung; dabei umweltfreundlich und pflegeleicht<\/li><li><span style=\"color: #ff9900;\"><strong>Akustikdecken<\/strong><\/span>\u00a0\u2013 schall-absorbierend oder schall-isolierend; realisiert mit Lochplatten, Akustikputz, als Kassettendecke oder Deckensystem<\/li><li><span style=\"color: #ff9900;\"><strong>Holzdecken<\/strong><\/span>\u00a0\u2013 nat\u00fcrlich; raumklimaregulierend bei ausgezeichneter D\u00e4mmung<\/li><li><span style=\"color: #ff9900;\"><strong>Gipskartondecken<\/strong>\u00a0<\/span>\u2013 hohe Feuerfestigkeit bei geringem Gewicht; kosteng\u00fcnstig<\/li><li><span style=\"color: #ff9900;\"><strong>Kassettendecken<\/strong>\u00a0<\/span>\u2013 hoher dekorativer Effekt; aus vielen Materialen m\u00f6glich; Konstruktion aus sich kreuzenden Rippen, Balken oder Streben<\/li><li><span style=\"color: #ff9900;\"><strong>Feuerschutzdecken<\/strong><\/span>\u00a0\u2013 viele Optionen: Brandschutzbeschichtung und -m\u00f6rtel; Brandabschottung; Brandschutzverkleidung- und Schaum; Brandschutzverputz<\/li><li><span style=\"color: #ff9900;\"><strong>Deckensegel<\/strong><\/span> \u2013 aus Holzwerkstoffen Mineralfaser oder Metall; hoher dekorativer Effekt; in vielen Farben erh\u00e4ltlich; Design-Alternative zur Akustikdecke<\/li><li><span style=\"font-weight: bold; color: #ff9900;\">Metalldecken\u00a0<\/span>&#8211; in verschiedenen Ausf\u00fchrungen K\u00fchl-\/ Heizdecken<\/li><li><span style=\"font-weight: bold; color: #ff9900;\">Schreinerarbeiten\u00a0\u00a0<\/span> &#8211; Planung und Montage\u00a0<\/li><\/ul>\t\t\t\t\t\t\t\t<\/div>\n\t\t\t\t<\/div>\n\t\t\t\t\t<\/div>\n\t\t<\/div>\n\t\t\t\t<div class=\"elementor-column elementor-col-50 elementor-top-column elementor-element elementor-element-6ac1f37\" data-id=\"6ac1f37\" data-element_type=\"column\" data-e-type=\"column\">\n\t\t\t<div class=\"elementor-widget-wrap elementor-element-populated\">\n\t\t\t\t\t\t<div class=\"elementor-element elementor-element-e757029 elementor-widget elementor-widget-image\" data-id=\"e757029\" data-element_type=\"widget\" data-e-type=\"widget\" data-widget_type=\"image.default\">\n\t\t\t\t<div class=\"elementor-widget-container\">\n\t\t\t\t\t\t\t\t\t\t\t\t\t\t\t<img loading=\"lazy\" decoding=\"async\" width=\"644\" height=\"859\" src=\"https:\/\/mb-deckenbau.ch\/wp-content\/uploads\/2025\/08\/IMG_5516-2-768x1024.jpeg\" class=\"attachment-large size-large wp-image-325\" alt=\"\" srcset=\"https:\/\/mb-deckenbau.ch\/wp-content\/uploads\/2025\/08\/IMG_5516-2-768x1024.jpeg 768w, https:\/\/mb-deckenbau.ch\/wp-content\/uploads\/2025\/08\/IMG_5516-2-225x300.jpeg 225w, https:\/\/mb-deckenbau.ch\/wp-content\/uploads\/2025\/08\/IMG_5516-2-1152x1536.jpeg 1152w, https:\/\/mb-deckenbau.ch\/wp-content\/uploads\/2025\/08\/IMG_5516-2-1536x2048.jpeg 1536w, https:\/\/mb-deckenbau.ch\/wp-content\/uploads\/2025\/08\/IMG_5516-2-scaled.jpeg 1920w\" sizes=\"100vw\" \/>\t\t\t\t\t\t\t\t\t\t\t\t\t\t\t<\/div>\n\t\t\t\t<\/div>\n\t\t\t\t<div class=\"elementor-element elementor-element-d457975 elementor-widget elementor-widget-image\" data-id=\"d457975\" data-element_type=\"widget\" data-e-type=\"widget\" data-widget_type=\"image.default\">\n\t\t\t\t<div class=\"elementor-widget-container\">\n\t\t\t\t\t\t\t\t\t\t\t\t\t\t\t<img loading=\"lazy\" decoding=\"async\" width=\"644\" height=\"859\" src=\"https:\/\/mb-deckenbau.ch\/wp-content\/uploads\/2025\/08\/IMG_6267-768x1024.jpeg\" class=\"attachment-large size-large wp-image-316\" alt=\"\" srcset=\"https:\/\/mb-deckenbau.ch\/wp-content\/uploads\/2025\/08\/IMG_6267-768x1024.jpeg 768w, https:\/\/mb-deckenbau.ch\/wp-content\/uploads\/2025\/08\/IMG_6267-225x300.jpeg 225w, https:\/\/mb-deckenbau.ch\/wp-content\/uploads\/2025\/08\/IMG_6267-1152x1536.jpeg 1152w, https:\/\/mb-deckenbau.ch\/wp-content\/uploads\/2025\/08\/IMG_6267-1536x2048.jpeg 1536w, https:\/\/mb-deckenbau.ch\/wp-content\/uploads\/2025\/08\/IMG_6267-scaled.jpeg 1920w\" sizes=\"100vw\" \/>\t\t\t\t\t\t\t\t\t\t\t\t\t\t\t<\/div>\n\t\t\t\t<\/div>\n\t\t\t\t\t<\/div>\n\t\t<\/div>\n\t\t\t\t\t<\/div>\n\t\t<\/section>\n\t\t\t\t<\/div>\n\t\t","protected":false},"excerpt":{"rendered":"<p>KREATIVE L\u00d6SUNGEN AUF EINEN BLICK\u00a0 DECKENSYSTEME -Alu-Paneelendecken\u00a0\u2013 leicht zu \u00f6ffnen und zu schlie\u00dfen, dadurch einfache Nachinstallation; lieferbar in allen RAL-T\u00f6nen mit farbigen F\u00fcllprofilen Alu-Rasterdecken\u00a0\u2013 stabil aufgrund von Unterkonstruktionen; unempfindlich und pflegeleicht; flexibel durch einzelne Demontage von Rasterfeldern Mineralfaserdecken\u00a0\u2013 unbrennbar und gute Schalld\u00e4mmung; dabei umweltfreundlich und pflegeleicht Akustikdecken\u00a0\u2013 schall-absorbierend oder schall-isolierend; realisiert mit Lochplatten, Akustikputz, als &hellip; <\/p>\n<p class=\"link-more\"><a href=\"https:\/\/mb-deckenbau.ch\/de_de\/projekt\/\" class=\"more-link\"><span class=\"screen-reader-text\">\u201eProjekt\u201c <\/span>weiterlesen<\/a><\/p>\n","protected":false},"author":1,"featured_media":341,"parent":0,"menu_order":0,"comment_status":"closed","ping_status":"closed","template":"","meta":{"footnotes":""},"class_list":["post-40","page","type-page","status-publish","has-post-thumbnail","hentry"],"_links":{"self":[{"href":"https:\/\/mb-deckenbau.ch\/de_de\/wp-json\/wp\/v2\/pages\/40","targetHints":{"allow":["GET"]}}],"collection":[{"href":"https:\/\/mb-deckenbau.ch\/de_de\/wp-json\/wp\/v2\/pages"}],"about":[{"href":"https:\/\/mb-deckenbau.ch\/de_de\/wp-json\/wp\/v2\/types\/page"}],"author":[{"embeddable":true,"href":"https:\/\/mb-deckenbau.ch\/de_de\/wp-json\/wp\/v2\/users\/1"}],"replies":[{"embeddable":true,"href":"https:\/\/mb-deckenbau.ch\/de_de\/wp-json\/wp\/v2\/comments?post=40"}],"version-history":[{"count":20,"href":"https:\/\/mb-deckenbau.ch\/de_de\/wp-json\/wp\/v2\/pages\/40\/revisions"}],"predecessor-version":[{"id":346,"href":"https:\/\/mb-deckenbau.ch\/de_de\/wp-json\/wp\/v2\/pages\/40\/revisions\/346"}],"wp:featuredmedia":[{"embeddable":true,"href":"https:\/\/mb-deckenbau.ch\/de_de\/wp-json\/wp\/v2\/media\/341"}],"wp:attachment":[{"href":"https:\/\/mb-deckenbau.ch\/de_de\/wp-json\/wp\/v2\/media?parent=40"}],"curies":[{"name":"wp","href":"https:\/\/api.w.org\/{rel}","templated":true}]}}