{"id":10,"date":"2021-11-04T08:30:41","date_gmt":"2021-11-04T08:30:41","guid":{"rendered":"https:\/\/mb-deckenbau.ch\/?page_id=10"},"modified":"2025-10-04T16:37:38","modified_gmt":"2025-10-04T16:37:38","slug":"startseite","status":"publish","type":"page","link":"https:\/\/mb-deckenbau.ch\/en\/","title":{"rendered":"Home"},"content":{"rendered":"<div data-elementor-type=\"wp-page\" data-elementor-id=\"10\" class=\"elementor elementor-10\" data-elementor-post-type=\"page\">\n\t\t\t\t\t\t<section class=\"elementor-section elementor-top-section elementor-element elementor-element-42410e6d elementor-section-boxed elementor-section-height-default elementor-section-height-default\" data-id=\"42410e6d\" data-element_type=\"section\" data-e-type=\"section\">\n\t\t\t\t\t\t<div class=\"elementor-container elementor-column-gap-default\">\n\t\t\t\t\t<div class=\"elementor-column elementor-col-100 elementor-top-column elementor-element elementor-element-161a62e2\" data-id=\"161a62e2\" data-element_type=\"column\" data-e-type=\"column\">\n\t\t\t<div class=\"elementor-widget-wrap elementor-element-populated\">\n\t\t\t\t\t\t<div class=\"elementor-element elementor-element-1ac81b52 elementor-widget elementor-widget-text-editor\" data-id=\"1ac81b52\" data-element_type=\"widget\" data-e-type=\"widget\" data-widget_type=\"text-editor.default\">\n\t\t\t\t<div class=\"elementor-widget-container\">\n\t\t\t\t\t\t\t\t\t\n<p><strong>Ceiling diversity in shape, color and function, we are your Partner\u00a0<\/strong><\/p>\n\t\t\t\t\t\t\t\t<\/div>\n\t\t\t\t<\/div>\n\t\t\t\t<div class=\"elementor-element elementor-element-4b63a83 elementor-widget-divider--view-line elementor-widget elementor-widget-divider\" data-id=\"4b63a83\" data-element_type=\"widget\" data-e-type=\"widget\" data-settings=\"{&quot;motion_fx_motion_fx_scrolling&quot;:&quot;yes&quot;,&quot;motion_fx_translateX_effect&quot;:&quot;yes&quot;,&quot;motion_fx_translateX_direction&quot;:&quot;negative&quot;,&quot;motion_fx_translateX_speed&quot;:{&quot;unit&quot;:&quot;px&quot;,&quot;size&quot;:&quot;1.5&quot;,&quot;sizes&quot;:[]},&quot;motion_fx_devices&quot;:[&quot;desktop&quot;],&quot;motion_fx_translateX_affectedRange&quot;:{&quot;unit&quot;:&quot;%&quot;,&quot;size&quot;:&quot;&quot;,&quot;sizes&quot;:{&quot;start&quot;:0,&quot;end&quot;:100}}}\" data-widget_type=\"divider.default\">\n\t\t\t\t<div class=\"elementor-widget-container\">\n\t\t\t\t\t\t\t<div class=\"elementor-divider\">\n\t\t\t<span class=\"elementor-divider-separator\">\n\t\t\t\t\t\t<\/span>\n\t\t<\/div>\n\t\t\t\t\t\t<\/div>\n\t\t\t\t<\/div>\n\t\t\t\t<div class=\"elementor-element elementor-element-6e7efb6 elementor-widget elementor-widget-heading\" data-id=\"6e7efb6\" data-element_type=\"widget\" data-e-type=\"widget\" data-widget_type=\"heading.default\">\n\t\t\t\t<div class=\"elementor-widget-container\">\n\t\t\t\t\t<h2 class=\"elementor-heading-title elementor-size-default\">Ceiling systems and Ceiling finishes  <\/h2>\t\t\t\t<\/div>\n\t\t\t\t<\/div>\n\t\t\t\t\t<\/div>\n\t\t<\/div>\n\t\t\t\t\t<\/div>\n\t\t<\/section>\n\t\t\t\t<section class=\"elementor-section elementor-top-section elementor-element elementor-element-c91621b elementor-section-boxed elementor-section-height-default elementor-section-height-default\" data-id=\"c91621b\" data-element_type=\"section\" data-e-type=\"section\">\n\t\t\t\t\t\t<div class=\"elementor-container elementor-column-gap-default\">\n\t\t\t\t\t<div class=\"elementor-column elementor-col-50 elementor-top-column elementor-element elementor-element-302e632\" data-id=\"302e632\" data-element_type=\"column\" data-e-type=\"column\">\n\t\t\t<div class=\"elementor-widget-wrap elementor-element-populated\">\n\t\t\t\t\t\t<div class=\"elementor-element elementor-element-5921aa5 elementor-widget elementor-widget-text-editor\" data-id=\"5921aa5\" data-element_type=\"widget\" data-e-type=\"widget\" data-widget_type=\"text-editor.default\">\n\t\t\t\t<div class=\"elementor-widget-container\">\n\t\t\t\t\t\t\t\t\t<h3><strong>Modern ceiling systems for a wide range of requirements<\/strong><\/h3>\n<p><strong>Our solutions are designed to meet the highest demands in terms of function and Design for a wide range of applications and architectural concepts.<\/strong><\/p>\n<p><strong>Ceiling panels to meet two key requirements: you should to insert a visually blend in with the concept of space and at the same time the essential functions. Our systems are designed to limit noise, absorb sound, and provide protection in case of fire \u2013 for more safety and comfort in any room.<\/strong><\/p>\n<p><strong>In addition, our ceiling systems to fit flexibly into existing colour and material concepts. Thanks to long-standing partnerships with leading manufacturers, we offer a wide range of finishes \u2013 from wood, to metal and gypsum Board, mineral fiber. A wide variety of color options and formats that allow the individual design of the game.<\/strong><\/p>\n<p><strong>A large stock of the most common grid sizes guarantees short delivery times and provides maximum flexibility in the implementation of its expansion projects.<\/strong><\/p>\t\t\t\t\t\t\t\t<\/div>\n\t\t\t\t<\/div>\n\t\t\t\t\t<\/div>\n\t\t<\/div>\n\t\t\t\t<div class=\"elementor-column elementor-col-50 elementor-top-column elementor-element elementor-element-64a00b3\" data-id=\"64a00b3\" data-element_type=\"column\" data-e-type=\"column\">\n\t\t\t<div class=\"elementor-widget-wrap elementor-element-populated\">\n\t\t\t\t\t\t<div class=\"elementor-element elementor-element-f1df46d elementor-widget elementor-widget-image\" data-id=\"f1df46d\" data-element_type=\"widget\" data-e-type=\"widget\" data-widget_type=\"image.default\">\n\t\t\t\t<div class=\"elementor-widget-container\">\n\t\t\t\t\t\t\t\t\t\t\t\t\t\t\t<img fetchpriority=\"high\" decoding=\"async\" width=\"644\" height=\"859\" src=\"https:\/\/mb-deckenbau.ch\/wp-content\/uploads\/2021\/11\/ABB.jpeg\" class=\"attachment-medium_large size-medium_large wp-image-79\" alt=\"\" srcset=\"https:\/\/mb-deckenbau.ch\/wp-content\/uploads\/2021\/11\/ABB.jpeg 768w, https:\/\/mb-deckenbau.ch\/wp-content\/uploads\/2021\/11\/ABB-225x300.jpeg 225w\" sizes=\"100vw\" \/>\t\t\t\t\t\t\t\t\t\t\t\t\t\t\t<\/div>\n\t\t\t\t<\/div>\n\t\t\t\t<div class=\"elementor-element elementor-element-4d17d29 elementor-widget elementor-widget-image\" data-id=\"4d17d29\" data-element_type=\"widget\" data-e-type=\"widget\" data-widget_type=\"image.default\">\n\t\t\t\t<div class=\"elementor-widget-container\">\n\t\t\t\t\t\t\t\t\t\t\t\t\t\t\t<img decoding=\"async\" width=\"644\" height=\"859\" src=\"https:\/\/mb-deckenbau.ch\/wp-content\/uploads\/2025\/08\/IMG_6432-768x1024.jpeg\" class=\"attachment-large size-large wp-image-314\" alt=\"\" srcset=\"https:\/\/mb-deckenbau.ch\/wp-content\/uploads\/2025\/08\/IMG_6432-768x1024.jpeg 768w, https:\/\/mb-deckenbau.ch\/wp-content\/uploads\/2025\/08\/IMG_6432-225x300.jpeg 225w, https:\/\/mb-deckenbau.ch\/wp-content\/uploads\/2025\/08\/IMG_6432-1152x1536.jpeg 1152w, https:\/\/mb-deckenbau.ch\/wp-content\/uploads\/2025\/08\/IMG_6432-1536x2048.jpeg 1536w, https:\/\/mb-deckenbau.ch\/wp-content\/uploads\/2025\/08\/IMG_6432-scaled.jpeg 1920w\" sizes=\"100vw\" \/>\t\t\t\t\t\t\t\t\t\t\t\t\t\t\t<\/div>\n\t\t\t\t<\/div>\n\t\t\t\t\t<\/div>\n\t\t<\/div>\n\t\t\t\t\t<\/div>\n\t\t<\/section>\n\t\t\t\t<section class=\"elementor-section elementor-top-section elementor-element elementor-element-1ebd2b3 elementor-section-boxed elementor-section-height-default elementor-section-height-default\" data-id=\"1ebd2b3\" data-element_type=\"section\" data-e-type=\"section\">\n\t\t\t\t\t\t<div class=\"elementor-container elementor-column-gap-default\">\n\t\t\t\t\t<div class=\"elementor-column elementor-col-100 elementor-top-column elementor-element elementor-element-cc9892c\" data-id=\"cc9892c\" data-element_type=\"column\" data-e-type=\"column\">\n\t\t\t<div class=\"elementor-widget-wrap elementor-element-populated\">\n\t\t\t\t\t\t<div class=\"elementor-element elementor-element-668e7d6 elementor-widget elementor-widget-heading\" data-id=\"668e7d6\" data-element_type=\"widget\" data-e-type=\"widget\" data-widget_type=\"heading.default\">\n\t\t\t\t<div class=\"elementor-widget-container\">\n\t\t\t\t\t<h2 class=\"elementor-heading-title elementor-size-default\">Acoustic Wall Panels <\/h2>\t\t\t\t<\/div>\n\t\t\t\t<\/div>\n\t\t\t\t<div class=\"elementor-element elementor-element-8ac0b4b elementor-widget elementor-widget-image\" data-id=\"8ac0b4b\" data-element_type=\"widget\" data-e-type=\"widget\" data-widget_type=\"image.default\">\n\t\t\t\t<div class=\"elementor-widget-container\">\n\t\t\t\t\t\t\t\t\t\t\t\t\t\t\t<img decoding=\"async\" width=\"644\" height=\"361\" src=\"https:\/\/mb-deckenbau.ch\/wp-content\/uploads\/2025\/10\/AdobeStock_1360605202-1024x574.jpeg\" class=\"attachment-large size-large wp-image-352\" alt=\"\" srcset=\"https:\/\/mb-deckenbau.ch\/wp-content\/uploads\/2025\/10\/AdobeStock_1360605202-1024x574.jpeg 1024w, https:\/\/mb-deckenbau.ch\/wp-content\/uploads\/2025\/10\/AdobeStock_1360605202-300x168.jpeg 300w, https:\/\/mb-deckenbau.ch\/wp-content\/uploads\/2025\/10\/AdobeStock_1360605202-768x430.jpeg 768w, https:\/\/mb-deckenbau.ch\/wp-content\/uploads\/2025\/10\/AdobeStock_1360605202-1536x861.jpeg 1536w, https:\/\/mb-deckenbau.ch\/wp-content\/uploads\/2025\/10\/AdobeStock_1360605202-18x10.jpeg 18w\" sizes=\"100vw\" \/>\t\t\t\t\t\t\t\t\t\t\t\t\t\t\t<\/div>\n\t\t\t\t<\/div>\n\t\t\t\t\t<\/div>\n\t\t<\/div>\n\t\t\t\t\t<\/div>\n\t\t<\/section>\n\t\t\t\t<section class=\"elementor-section elementor-top-section elementor-element elementor-element-3f28a50 elementor-section-boxed elementor-section-height-default elementor-section-height-default\" data-id=\"3f28a50\" data-element_type=\"section\" data-e-type=\"section\">\n\t\t\t\t\t\t<div class=\"elementor-container elementor-column-gap-default\">\n\t\t\t\t\t<div class=\"elementor-column elementor-col-100 elementor-top-column elementor-element elementor-element-d4ac2d6\" data-id=\"d4ac2d6\" data-element_type=\"column\" data-e-type=\"column\">\n\t\t\t<div class=\"elementor-widget-wrap elementor-element-populated\">\n\t\t\t\t\t\t<div class=\"elementor-element elementor-element-ca2de46 elementor-widget-divider--view-line_text elementor-widget-divider--element-align-left elementor-widget elementor-widget-divider\" data-id=\"ca2de46\" data-element_type=\"widget\" data-e-type=\"widget\" data-settings=\"{&quot;motion_fx_motion_fx_scrolling&quot;:&quot;yes&quot;,&quot;motion_fx_translateX_effect&quot;:&quot;yes&quot;,&quot;motion_fx_translateX_speed&quot;:{&quot;unit&quot;:&quot;px&quot;,&quot;size&quot;:&quot;1&quot;,&quot;sizes&quot;:[]},&quot;motion_fx_translateX_affectedRange&quot;:{&quot;unit&quot;:&quot;%&quot;,&quot;size&quot;:&quot;&quot;,&quot;sizes&quot;:{&quot;start&quot;:&quot;0&quot;,&quot;end&quot;:&quot;50&quot;}},&quot;motion_fx_devices&quot;:[&quot;desktop&quot;,&quot;tablet&quot;]}\" data-widget_type=\"divider.default\">\n\t\t\t\t<div class=\"elementor-widget-container\">\n\t\t\t\t\t\t\t<div class=\"elementor-divider\">\n\t\t\t<span class=\"elementor-divider-separator\">\n\t\t\t\t\t\t\t<span class=\"elementor-divider__text elementor-divider__element\">\n\t\t\t\tOur <b>Projects<\/b>\t\t\t\t<\/span>\n\t\t\t\t\t\t<\/span>\n\t\t<\/div>\n\t\t\t\t\t\t<\/div>\n\t\t\t\t<\/div>\n\t\t\t\t\t<\/div>\n\t\t<\/div>\n\t\t\t\t\t<\/div>\n\t\t<\/section>\n\t\t\t\t<section class=\"elementor-section elementor-top-section elementor-element elementor-element-206f03d elementor-section-boxed elementor-section-height-default elementor-section-height-default\" data-id=\"206f03d\" data-element_type=\"section\" data-e-type=\"section\">\n\t\t\t\t\t\t<div class=\"elementor-container elementor-column-gap-default\">\n\t\t\t\t\t<div class=\"elementor-column elementor-col-100 elementor-top-column elementor-element elementor-element-063a73c\" data-id=\"063a73c\" data-element_type=\"column\" data-e-type=\"column\">\n\t\t\t<div class=\"elementor-widget-wrap elementor-element-populated\">\n\t\t\t\t\t\t<div class=\"elementor-element elementor-element-260caa2 elementor-widget elementor-widget-heading\" data-id=\"260caa2\" data-element_type=\"widget\" data-e-type=\"widget\" data-widget_type=\"heading.default\">\n\t\t\t\t<div class=\"elementor-widget-container\">\n\t\t\t\t\t<h2 class=\"elementor-heading-title elementor-size-small\">We Plan together <br>\n<b>\nyour ceiling systems<\/b><\/h2>\t\t\t\t<\/div>\n\t\t\t\t<\/div>\n\t\t\t\t<div class=\"elementor-element elementor-element-724114a elementor-widget elementor-widget-text-editor\" data-id=\"724114a\" data-element_type=\"widget\" data-e-type=\"widget\" data-widget_type=\"text-editor.default\">\n\t\t\t\t<div class=\"elementor-widget-container\">\n\t\t\t\t\t\t\t\t\t<h6><strong>\"With the expertise, commitment and years of experience, we accompany you in your project from the initial planning through to successful implementation. Our Team of skilled and trained professionals is always at your side \u2013 competent, reliable and solution-oriented.<\/strong><\/h6>\n<h6><strong>Let us advise you personally \u2013 arrange your appointment.\u201c<\/strong><\/h6>\t\t\t\t\t\t\t\t<\/div>\n\t\t\t\t<\/div>\n\t\t\t\t\t<\/div>\n\t\t<\/div>\n\t\t\t\t\t<\/div>\n\t\t<\/section>\n\t\t\t\t<\/div>","protected":false},"excerpt":{"rendered":"<p>Deckenvielfalt in Form, Farbe und Funktion wir sind Ihr Partner\u00a0 Deckensysteme und Deckenbekleidungen Moderne Deckensysteme f\u00fcr vielf\u00e4ltige Anforderungen Unsere L\u00f6sungen erf\u00fcllen h\u00f6chste Anspr\u00fcche in Funktion und Design \u2013 f\u00fcr unterschiedlichste Einsatzbereiche und architektonische Konzepte. Deckenverkleidungen m\u00fcssen zwei zentrale Anforderungen erf\u00fcllen: Sie sollen sich optisch harmonisch in das Raumkonzept einf\u00fcgen und gleichzeitig essenzielle Funktionen \u00fcbernehmen. Unsere &hellip; <\/p>\n<p class=\"link-more\"><a href=\"https:\/\/mb-deckenbau.ch\/en\/\" class=\"more-link\">Continue reading<span class=\"screen-reader-text\"> &#8222;Startseite&#8220;<\/span><\/a><\/p>","protected":false},"author":1,"featured_media":350,"parent":0,"menu_order":0,"comment_status":"closed","ping_status":"closed","template":"","meta":{"footnotes":""},"class_list":["post-10","page","type-page","status-publish","has-post-thumbnail","hentry"],"_links":{"self":[{"href":"https:\/\/mb-deckenbau.ch\/en\/wp-json\/wp\/v2\/pages\/10","targetHints":{"allow":["GET"]}}],"collection":[{"href":"https:\/\/mb-deckenbau.ch\/en\/wp-json\/wp\/v2\/pages"}],"about":[{"href":"https:\/\/mb-deckenbau.ch\/en\/wp-json\/wp\/v2\/types\/page"}],"author":[{"embeddable":true,"href":"https:\/\/mb-deckenbau.ch\/en\/wp-json\/wp\/v2\/users\/1"}],"replies":[{"embeddable":true,"href":"https:\/\/mb-deckenbau.ch\/en\/wp-json\/wp\/v2\/comments?post=10"}],"version-history":[{"count":29,"href":"https:\/\/mb-deckenbau.ch\/en\/wp-json\/wp\/v2\/pages\/10\/revisions"}],"predecessor-version":[{"id":355,"href":"https:\/\/mb-deckenbau.ch\/en\/wp-json\/wp\/v2\/pages\/10\/revisions\/355"}],"wp:featuredmedia":[{"embeddable":true,"href":"https:\/\/mb-deckenbau.ch\/en\/wp-json\/wp\/v2\/media\/350"}],"wp:attachment":[{"href":"https:\/\/mb-deckenbau.ch\/en\/wp-json\/wp\/v2\/media?parent=10"}],"curies":[{"name":"wp","href":"https:\/\/api.w.org\/{rel}","templated":true}]}}